{"id":2454,"date":"2023-07-17T14:28:47","date_gmt":"2023-07-17T14:28:47","guid":{"rendered":"http:\/\/noxiy.local\/?page_id=58"},"modified":"2024-09-25T20:57:45","modified_gmt":"2024-09-25T20:57:45","slug":"equipo","status":"publish","type":"page","link":"https:\/\/relevanceinsurance.com\/en\/equipo\/","title":{"rendered":"Equipo"},"content":{"rendered":"\t\t<div data-elementor-type=\"wp-page\" data-elementor-id=\"2454\" class=\"elementor elementor-2454\">\n\t\t\t\t\t\t<section class=\"elementor-section elementor-top-section elementor-element elementor-element-5917324b elementor-section-height-min-height elementor-section-items-stretch elementor-section-boxed elementor-section-height-default\" data-id=\"5917324b\" data-element_type=\"section\" data-e-type=\"section\" data-settings=\"{&quot;background_background&quot;:&quot;classic&quot;}\">\n\t\t\t\t\t\t\t<div class=\"elementor-background-overlay\"><\/div>\n\t\t\t\t\t\t\t<div class=\"elementor-container elementor-column-gap-default\">\n\t\t\t\t\t<div class=\"elementor-column elementor-col-100 elementor-top-column elementor-element elementor-element-14f5c3a3\" data-id=\"14f5c3a3\" data-element_type=\"column\" data-e-type=\"column\" data-settings=\"{&quot;background_background&quot;:&quot;classic&quot;}\">\n\t\t\t<div class=\"elementor-widget-wrap elementor-element-populated\">\n\t\t\t\t\t\t<div class=\"elementor-element elementor-element-58c66aaf elementor-widget elementor-widget-spacer\" data-id=\"58c66aaf\" data-element_type=\"widget\" data-e-type=\"widget\" data-widget_type=\"spacer.default\">\n\t\t\t\t<div class=\"elementor-widget-container\">\n\t\t\t\t\t\t\t<div class=\"elementor-spacer\">\n\t\t\t<div class=\"elementor-spacer-inner\"><\/div>\n\t\t<\/div>\n\t\t\t\t\t\t<\/div>\n\t\t\t\t<\/div>\n\t\t\t\t\t<\/div>\n\t\t<\/div>\n\t\t\t\t\t<\/div>\n\t\t<\/section>\n\t\t\t\t<section class=\"elementor-section elementor-top-section elementor-element elementor-element-5f74f932 elementor-section-boxed elementor-section-height-default elementor-section-height-default\" data-id=\"5f74f932\" data-element_type=\"section\" data-e-type=\"section\" data-settings=\"{&quot;background_background&quot;:&quot;classic&quot;}\">\n\t\t\t\t\t\t<div class=\"elementor-container elementor-column-gap-default\">\n\t\t\t\t\t<div class=\"elementor-column elementor-col-50 elementor-top-column elementor-element elementor-element-2e80f821\" data-id=\"2e80f821\" data-element_type=\"column\" data-e-type=\"column\">\n\t\t\t<div class=\"elementor-widget-wrap elementor-element-populated\">\n\t\t\t\t\t\t<div class=\"elementor-element elementor-element-333fdaa7 elementor-widget elementor-widget-heading\" data-id=\"333fdaa7\" data-element_type=\"widget\" data-e-type=\"widget\" data-widget_type=\"heading.default\">\n\t\t\t\t<div class=\"elementor-widget-container\">\n\t\t\t\t\t<h4 class=\"elementor-heading-title elementor-size-default\">Somos la puerta a tu \u00e9xito<\/h4>\t\t\t\t<\/div>\n\t\t\t\t<\/div>\n\t\t\t\t<div class=\"elementor-element elementor-element-64bb2374 elementor-widget elementor-widget-heading\" data-id=\"64bb2374\" data-element_type=\"widget\" data-e-type=\"widget\" data-widget_type=\"heading.default\">\n\t\t\t\t<div class=\"elementor-widget-container\">\n\t\t\t\t\t<h2 class=\"elementor-heading-title elementor-size-default\">Te estamos esperando<\/h2>\t\t\t\t<\/div>\n\t\t\t\t<\/div>\n\t\t\t\t<div class=\"elementor-element elementor-element-15152cf7 elementor-widget elementor-widget-image\" data-id=\"15152cf7\" data-element_type=\"widget\" data-e-type=\"widget\" data-widget_type=\"image.default\">\n\t\t\t\t<div class=\"elementor-widget-container\">\n\t\t\t\t\t\t\t\t\t\t\t\t\t\t\t<img fetchpriority=\"high\" decoding=\"async\" width=\"1600\" height=\"900\" src=\"https:\/\/relevanceinsurance.com\/wp-content\/uploads\/2024\/09\/Relevance-team.jpg\" class=\"attachment-full size-full wp-image-2908\" alt=\"\" srcset=\"https:\/\/relevanceinsurance.com\/wp-content\/uploads\/2024\/09\/Relevance-team.jpg 1600w, https:\/\/relevanceinsurance.com\/wp-content\/uploads\/2024\/09\/Relevance-team-300x169.jpg 300w, https:\/\/relevanceinsurance.com\/wp-content\/uploads\/2024\/09\/Relevance-team-1024x576.jpg 1024w, https:\/\/relevanceinsurance.com\/wp-content\/uploads\/2024\/09\/Relevance-team-768x432.jpg 768w, https:\/\/relevanceinsurance.com\/wp-content\/uploads\/2024\/09\/Relevance-team-1536x864.jpg 1536w, https:\/\/relevanceinsurance.com\/wp-content\/uploads\/2024\/09\/Relevance-team-18x10.jpg 18w\" sizes=\"(max-width: 1600px) 100vw, 1600px\" \/>\t\t\t\t\t\t\t\t\t\t\t\t\t\t\t<\/div>\n\t\t\t\t<\/div>\n\t\t\t\t<div class=\"elementor-element elementor-element-4b65b957 elementor-widget elementor-widget-text-editor\" data-id=\"4b65b957\" data-element_type=\"widget\" data-e-type=\"widget\" data-widget_type=\"text-editor.default\">\n\t\t\t\t<div class=\"elementor-widget-container\">\n\t\t\t\t\t\t\t\t\t<p>Residente, extranjero, sin limite de edad, con o sin conocimiento en el \u00e1rea<\/p><p>Esta ser\u00e1 tu mejor oportunidad de \u00e9xito en Estados Unidos<\/p><p>Si est\u00e1s listo para enfrentar nuevos desaf\u00edos, construir relaciones s\u00f3lidas con los clientes y disfrutar de un futuro pr\u00f3spero en el apasionante mundo de los seguros, entonces \u00fanete a nosotros<\/p><p>Estamos en constante crecimiento, lo que significa que tendr\u00e1s la oportunidad de avanzar en tu carrera y alcanzar nuevos niveles de triunfo<\/p><p>Ofrecemos una plataforma s\u00f3lida para el crecimiento profesional, un ambiente de trabajo colaborativo y la posibilidad de generar ingresos significativos<\/p><p>Rellena el formulario y post\u00falate<\/p>\t\t\t\t\t\t\t\t<\/div>\n\t\t\t\t<\/div>\n\t\t\t\t\t<\/div>\n\t\t<\/div>\n\t\t\t\t<div class=\"elementor-column elementor-col-50 elementor-top-column elementor-element elementor-element-70b356dd\" data-id=\"70b356dd\" data-element_type=\"column\" data-e-type=\"column\">\n\t\t\t<div class=\"elementor-widget-wrap elementor-element-populated\">\n\t\t\t\t\t\t<div class=\"elementor-element elementor-element-4e256aa elementor-widget elementor-widget-heading\" data-id=\"4e256aa\" data-element_type=\"widget\" data-e-type=\"widget\" data-widget_type=\"heading.default\">\n\t\t\t\t<div class=\"elementor-widget-container\">\n\t\t\t\t\t<h4 class=\"elementor-heading-title elementor-size-default\">Contactanos<\/h4>\t\t\t\t<\/div>\n\t\t\t\t<\/div>\n\t\t\t\t<div class=\"elementor-element elementor-element-1576376 elementor-widget elementor-widget-shortcode\" data-id=\"1576376\" data-element_type=\"widget\" data-e-type=\"widget\" data-widget_type=\"shortcode.default\">\n\t\t\t\t<div class=\"elementor-widget-container\">\n\t\t\t\t\t\t\t<div class=\"elementor-shortcode\"><!-- HTML Forms v1.6.4 - https:\/\/wordpress.org\/plugins\/html-forms\/ -->\n<form method=\"post\"  class=\"hf-form hf-form-2777 \" data-id=\"2777\" data-title=\"Work w us\" data-slug=\"work-w-us\" data-message-success=\"Thank you! We will be in touch soon.\" data-message-invalid-email=\"Sorry, that email address looks invalid.\" data-message-required-field-missing=\"Please fill in the required fields.\" data-message-error=\"Oops. An error occurred.\" data-message-recaptcha-failed=\"reCAPTCHA verification failed. Please try again.\" data-message-recaptcha-low-score=\"Your submission appears to be spam. Please try again.\"><input type=\"hidden\" name=\"_hf_form_id\" value=\"2777\" \/><div style=\"display: none;\"><input type=\"text\" name=\"_hf_h2777\" value=\"\" \/><\/div><div class=\"hf-fields-wrap\"><!DOCTYPE html>\r\n<html lang=\"en\">\r\n<head>\r\n    <meta charset=\"UTF-8\">\r\n    <meta http-equiv=\"X-UA-Compatible\" content=\"IE=edge\">\r\n    <meta name=\"viewport\" content=\"width=device-width, initial-scale=1.0\">\r\n    <title>Formulario de Contacto<\/title>\r\n\r\n    <style>\r\n        \/* Agregamos estilos para redondear las esquinas del men\u00fa desplegable *\/\r\n        select {\r\n            width: 70%;\r\n            border: 1px solid #ccc;\r\n            padding: 5px;\r\n            border-radius: 20px; \/* Establece el radio de las esquinas *\/\r\n            background-color: #203b8f;\r\n            color: white; \/* Cambia el color del texto a blanco *\/\r\n        }\r\n\r\n        select option {\r\n            background-color: #333; \/* Color de fondo de los elementos de la lista desplegable *\/\r\n            color: white; \/* Color del texto de los elementos de la lista desplegable *\/\r\n        }\r\n\r\n        input[type=\"radio\"] {\r\n            display: none; \/* Oculta los botones de radio por defecto *\/\r\n        }\r\n\r\n        label.radio {\r\n            display: inline-block;\r\n            padding: 10px 20px;\r\n            font-size: 16px;\r\n            border: 2px solid #ccc;\r\n            border-radius: 5px;\r\n            cursor: pointer;\r\n            color: white; \/* Cambia el color del texto a blanco *\/\r\n        }\r\n\r\n        input[type=\"radio\"]:checked + label.radio {\r\n            background-color: #203b8f;\r\n            color: #fff;\r\n            border-color: #5D0A1F;\r\n        }\r\n\r\n        .sex-selection {\r\n            text-align: left; \/* Alinea la selecci\u00f3n de sexo a la izquierda *\/\r\n        }\r\n\r\n        h1, h3, label, p {\r\n            color: white; \/* Cambia el color del texto a blanco *\/\r\n        }\r\n\r\n        button {\r\n            background-color: #203b8f;\r\n            color: white;\r\n            padding: 10px 0;\r\n            border: none;\r\n            border-radius: 5px;\r\n            width: 100%;\r\n        }\r\n    <\/style>\r\n\r\n    <script>\r\n        document.addEventListener('DOMContentLoaded', function () {\r\n            \/\/ Al cargar la p\u00e1gina, ocultar todos los estados\r\n            var estados = document.querySelectorAll(\"#state option\");\r\n            estados.forEach(function (estado) {\r\n                estado.style.display = \"none\";\r\n            });\r\n\r\n            \/\/ Mostrar estados seg\u00fan el pa\u00eds predeterminado\r\n            cambiarEstados();\r\n        });\r\n\r\n        function cambiarEstados() {\r\n            var country = document.getElementById(\"country\").value;\r\n            var estados = document.querySelectorAll(\"#state option\");\r\n\r\n            \/\/ Ocultar todos los estados\r\n            estados.forEach(function (estado) {\r\n                estado.style.display = \"none\";\r\n            });\r\n\r\n            \/\/ Mostrar estados seg\u00fan el pa\u00eds seleccionado\r\n            var estadosMostrar = document.querySelectorAll(\".\" + country);\r\n            estadosMostrar.forEach(function (estado) {\r\n                estado.style.display = \"block\";\r\n            });\r\n        }\r\n    <\/script>\r\n<\/head>\r\n<body>\r\n    <h1 style=\"text-align: center;\"> <\/h1>\r\n\r\n    <div style=\"display: flex; justify-content: center; margin-top: 10px;\">\r\n        <input type=\"text\" id=\"name\" name=\"name\" placeholder=\"Name\" required>\r\n        <input type=\"tel\" id=\"phone\" name=\"phone\" placeholder=\"Phone\" required>\r\n    <\/div>\r\n\r\n    <div style=\"display: flex; justify-content: center; margin-top: 10px;\">\r\n        <input type=\"email\" id=\"email\" name=\"email\" placeholder=\"Email\" required>\r\n    <\/div>\r\n\r\n<div style=\"display: flex; justify-content: center; margin-top: 10px;\">\r\n    <input type=\"text\" id=\"ssn\" name=\"ssn\" placeholder=\"Social Security Number\" required>\r\n<\/div>\r\n<div style=\"display: flex; justify-content: center; margin-top: 10px;\">\r\n    <input type=\"text\" id=\"npn\" name=\"npn\" placeholder=\"NPN\" required>\r\n<\/div>\r\n\r\n\r\n<br>\r\n  \r\n\r\n    <div style=\"display: flex; justify-content: center; margin-top: 10px;\">\r\n        <label for=\"coverageType\" style=\"width: 30%; color: white;\">Do you have a license?:<\/label>\r\n        <select id=\"coverageType\" name=\"coverageType\" style=\"width: 70%;\">\r\n            <option value=\"Yes\"> Yes<\/option>\r\n            <option value=\"No\"> No<\/option>\r\n \r\n            \r\n        <\/select>\r\n    <\/div>\r\n\r\n    \r\n\r\n     <br>\r\n\r\n    <div style=\"display: flex; justify-content: right; align-items: right; width: 90%;\">\r\n    <p style=\"width: 100%; max-width: 600px;\">\r\n        <label for=\"home-formularo-STATE\">State<\/label>\r\n        <select name=\"STATE\" required id=\"home-formularo-STATE\" style=\"width: 92%;\">\r\n            <option>Alabama<\/option>\r\n            <option>Alaska<\/option>\r\n            <option>Arizona<\/option>\r\n            <option>Arkansas<\/option>\r\n            <option>California<\/option>\r\n            <option>Colorado<\/option>\r\n            <option>Connecticut<\/option>\r\n            <option>Delaware<\/option>\r\n            <option>Florida<\/option>\r\n            <option>Georgia<\/option>\r\n            <option>Hawaii<\/option>\r\n            <option>Idaho<\/option>\r\n            <option>Illinois<\/option>\r\n            <option>Indiana<\/option>\r\n            <option>Iowa<\/option>\r\n            <option>Kansas<\/option>\r\n            <option>Kentucky<\/option>\r\n            <option>Louisiana<\/option>\r\n            <option>Maine<\/option>\r\n            <option>Maryland<\/option>\r\n            <option>Massachusetts<\/option>\r\n            <option>Michigan<\/option>\r\n            <option>Minnesota<\/option>\r\n            <option>Mississippi<\/option>\r\n            <option>Missouri<\/option>\r\n            <option>Montana<\/option>\r\n            <option>Nebraska<\/option>\r\n            <option>Nevada<\/option>\r\n            <option>New Hampshire<\/option>\r\n            <option>New Jersey<\/option>\r\n            <option>New Mexico<\/option>\r\n            <option>New York<\/option>\r\n            <option>North Carolina<\/option>\r\n            <option>North Dakota<\/option>\r\n            <option>Ohio<\/option>\r\n            <option>Oklahoma<\/option>\r\n            <option>Oregon<\/option>\r\n            <option>Pennsylvania<\/option>\r\n            <option>Rhode Island<\/option>\r\n            <option>South Carolina<\/option>\r\n            <option>South Dakota<\/option>\r\n            <option>Tennessee<\/option>\r\n            <option>Texas<\/option>\r\n            <option>Utah<\/option>\r\n            <option>Vermont<\/option>\r\n            <option>Virginia<\/option>\r\n            <option>Washington<\/option>\r\n            <option>West Virginia<\/option>\r\n            <option>Wisconsin<\/option>\r\n            <option>Wyoming<\/option>\r\n        <\/select>\r\n    <\/p>\r\n<\/div>\r\n\r\n    <div class=\"sex-selection\" style=\"margin-top: 10px;\">\r\n        <label style=\"width: 30%; color: white;\">Sex:<\/label>\r\n        <input type=\"radio\" id=\"male\" name=\"sex\" value=\"male\">\r\n        <label for=\"male\" class=\"radio\">Male<\/label>\r\n        <input type=\"radio\" id=\"female\" name=\"sex\" value=\"female\">\r\n        <label for=\"female\" class=\"radio\">Female<\/label>\r\n    <\/div>\r\n\r\n    <div style=\"display: flex; justify-content: center; margin-top: 10px;\">\r\n        <label for=\"birthday\" style=\"width: 30%; color: white;\">Birthday:<\/label>\r\n        <input type=\"date\" id=\"birthday\" name=\"birthday\" required>\r\n    <\/div>\r\n<br>\r\n\r\n<div style=\"display: flex; justify-content: center; margin-top: 10px;\">\r\n    <label for=\"compensation\" style=\"width: 30%; color: white;\">Compensation:<\/label>\r\n    <select id=\"compensation\" name=\"compensation\" style=\"width: 70%;\">\r\n        <option value=\"50\">50<\/option>\r\n        <option value=\"55\">55<\/option>\r\n        <option value=\"60\">60<\/option>\r\n        <option value=\"65\">65<\/option>\r\n        <option value=\"70\">70<\/option>\r\n        <option value=\"75\">75<\/option>\r\n        <option value=\"80\">80<\/option>\r\n        <option value=\"85\">85<\/option>\r\n        <option value=\"90\">90<\/option>\r\n        <option value=\"95\">95<\/option>\r\n        <option value=\"100\">100<\/option>\r\n        <option value=\"105\">105<\/option>\r\n        <option value=\"110\">110<\/option>\r\n        <option value=\"115\">115<\/option>\r\n        <option value=\"120\">120<\/option>\r\n        <option value=\"125\">125<\/option>\r\n        <option value=\"130\">130<\/option>\r\n        <option value=\"135\">135<\/option>\r\n        <option value=\"140\">140<\/option>\r\n        <option value=\"145\">145<\/option>\r\n    <\/select>\r\n<\/div>\r\n\r\n\r\n<div style=\"display: flex; justify-content: center; margin-top: 10px;\">\r\n    <label style=\"width: 30%; color: white;\">Companies:<\/label>\r\n    <div style=\"width: 70%;\">\r\n        <label><input type=\"checkbox\" name=\"companies[]\" value=\"National Life Group\"> National Life Group<\/label><br>\r\n        <label><input type=\"checkbox\" name=\"companies[]\" value=\"Americo\"> Americo<\/label><br>\r\n        <label><input type=\"checkbox\" name=\"companies[]\" value=\"Mutual of Omaha\"> Mutual of Omaha<\/label><br>\r\n        <label><input type=\"checkbox\" name=\"companies[]\" value=\"American Amicable\"> American Amicable<\/label><br>\r\n        <label><input type=\"checkbox\" name=\"companies[]\" value=\"Aetna\"> Aetna<\/label><br>\r\n        <label><input type=\"checkbox\" name=\"companies[]\" value=\"F&G\"> F&G<\/label><br>\r\n        <label><input type=\"checkbox\" name=\"companies[]\" value=\"Foresters\"> Foresters<\/label><br>\r\n        <label><input type=\"checkbox\" name=\"companies[]\" value=\"Lincoln Financial\"> Lincoln Financial<\/label><br>\r\n        <label><input type=\"checkbox\" name=\"companies[]\" value=\"Great Western\"> Great Western<\/label><br>\r\n        <label><input type=\"checkbox\" name=\"companies[]\" value=\"AIG\"> AIG<\/label><br>\r\n        <label><input type=\"checkbox\" name=\"companies[]\" value=\"Transamerica\"> Transamerica<\/label><br>\r\n        <label><input type=\"checkbox\" name=\"companies[]\" value=\"Prosperity\"> Prosperity<\/label><br>\r\n        <label><input type=\"checkbox\" name=\"companies[]\" value=\"Royal Neighbors\"> Royal Neighbors<\/label>\r\n    <\/div>\r\n<\/div>\r\n\r\n\r\n\r\n\r\nNombre del reclutador\r\n\r\n<div style=\"display: flex; justify-content: center; margin-top: 10px;\">\r\n        <input type=\"text\" id=\"namereclutador\" name=\"namereclutador\" placeholder=\"Nombre\" required>\r\n        <input type=\"tel\" id=\"phonereclutador\" name=\"phonereclutador\" placeholder=\"Apellidos\" required>\r\n    <\/div>\r\n    <br>\r\n<p>\r\n\t<label for=\"work-w-us-COMENTARIOS_ADICIONALES\">Comentarios adicionales<\/label>\r\n\t<textarea name=\"COMENTARIOS_ADICIONALES\" placeholder=\"Comentarios adicionales\" id=\"work-w-us-COMENTARIOS_ADICIONALES\"><\/textarea>\r\n<\/p>\r\n  \r\n \r\n\r\n    <div style=\"display: flex; justify-content: center; margin-top: 10px;\">\r\n        <button type=\"submit\">Get a Quote<\/button>\r\n    <\/div>\r\n\r\n  <p>\r\n    <div style=\"display: flex; justify-content: center; margin-top: 20px;\">\r\n        <p style=\"font-size: 12px; text-align: center; color: white;\">\r\n            By pressing \u201cGet a Quote\u201d you agree to our terms of service and agree to have a licensed life insurance agent contact you by email, phone call, or text\/SMS message at the contact information you provide. You understand that any calls, texts, or SMS messages may be made using automated dialing technology. Consent is not a condition to purchase our products.\r\n        <\/p>\r\n    <\/div>\r\n<\/body>\r\n<\/html>\r\n<\/p><noscript>Please enable JavaScript for this form to work.<\/noscript><\/div><\/form><!-- \/ HTML Forms --><\/div>\n\t\t\t\t\t\t<\/div>\n\t\t\t\t<\/div>\n\t\t\t\t\t<\/div>\n\t\t<\/div>\n\t\t\t\t\t<\/div>\n\t\t<\/section>\n\t\t\t\t<section class=\"elementor-section elementor-top-section elementor-element elementor-element-34e9c174 elementor-section-height-min-height elementor-section-boxed elementor-section-height-default elementor-section-items-middle\" data-id=\"34e9c174\" data-element_type=\"section\" data-e-type=\"section\" data-settings=\"{&quot;background_background&quot;:&quot;video&quot;,&quot;background_video_link&quot;:&quot;https:\\\/\\\/youtu.be\\\/fgJhctanmLw&quot;,&quot;background_video_start&quot;:0,&quot;background_play_on_mobile&quot;:&quot;yes&quot;}\">\n\t\t\t\t\t\t\t\t<div class=\"elementor-background-video-container\">\n\t\t\t\t\t\t\t\t\t\t\t\t\t<div class=\"elementor-background-video-embed\" role=\"presentation\"><\/div>\n\t\t\t\t\t\t\t\t\t\t\t\t<\/div>\n\t\t\t\t\t\t\t\t\t<div class=\"elementor-background-overlay\"><\/div>\n\t\t\t\t\t\t\t<div class=\"elementor-container elementor-column-gap-default\">\n\t\t\t\t\t<div class=\"elementor-column elementor-col-100 elementor-top-column elementor-element elementor-element-54cabcef\" data-id=\"54cabcef\" data-element_type=\"column\" data-e-type=\"column\">\n\t\t\t<div class=\"elementor-widget-wrap\">\n\t\t\t\t\t\t\t<\/div>\n\t\t<\/div>\n\t\t\t\t\t<\/div>\n\t\t<\/section>\n\t\t\t\t<\/div>\n\t\t","protected":false},"excerpt":{"rendered":"<p>Somos la puerta a tu \u00e9xito Te estamos esperando Residente, extranjero, sin limite de edad, con o sin conocimiento en el \u00e1rea Esta ser\u00e1 tu mejor oportunidad de \u00e9xito en Estados Unidos Si est\u00e1s listo para enfrentar nuevos desaf\u00edos, construir relaciones s\u00f3lidas con los clientes y disfrutar de un futuro pr\u00f3spero en el apasionante mundo [&hellip;]<\/p>\n","protected":false},"author":1,"featured_media":0,"parent":0,"menu_order":0,"comment_status":"closed","ping_status":"closed","template":"page-builder.php","meta":{"nf_dc_page":"","footnotes":""},"class_list":["post-2454","page","type-page","status-publish","hentry"],"_links":{"self":[{"href":"https:\/\/relevanceinsurance.com\/en\/wp-json\/wp\/v2\/pages\/2454","targetHints":{"allow":["GET"]}}],"collection":[{"href":"https:\/\/relevanceinsurance.com\/en\/wp-json\/wp\/v2\/pages"}],"about":[{"href":"https:\/\/relevanceinsurance.com\/en\/wp-json\/wp\/v2\/types\/page"}],"author":[{"embeddable":true,"href":"https:\/\/relevanceinsurance.com\/en\/wp-json\/wp\/v2\/users\/1"}],"replies":[{"embeddable":true,"href":"https:\/\/relevanceinsurance.com\/en\/wp-json\/wp\/v2\/comments?post=2454"}],"version-history":[{"count":5,"href":"https:\/\/relevanceinsurance.com\/en\/wp-json\/wp\/v2\/pages\/2454\/revisions"}],"predecessor-version":[{"id":2924,"href":"https:\/\/relevanceinsurance.com\/en\/wp-json\/wp\/v2\/pages\/2454\/revisions\/2924"}],"wp:attachment":[{"href":"https:\/\/relevanceinsurance.com\/en\/wp-json\/wp\/v2\/media?parent=2454"}],"curies":[{"name":"wp","href":"https:\/\/api.w.org\/{rel}","templated":true}]}}